{"id":8509,"date":"2022-09-05T09:05:45","date_gmt":"2022-09-05T09:05:45","guid":{"rendered":"https:\/\/mizarstvo-rozmanc.si\/?post_type=product&#038;p=8509"},"modified":"2022-09-05T09:12:29","modified_gmt":"2022-09-05T09:12:29","slug":"kockasti-valjcek","status":"publish","type":"product","link":"https:\/\/mizarstvo-rozmanc.si\/en\/trgovina\/izdelek\/kockasti-valjcek\/","title":{"rendered":"Kockasti valj\u010dek"},"content":{"rendered":"<p>Kockasti valj\u010dek, katerega namen je razbijanje celulita in ma\u0161\u010dobnih blazinic.<\/p>\n<p>Izdelek je odli\u010den pri boju s celulitom, uporablja pa se lahko tudi pri sprostitveni ali \u0161portni masa\u017ei.<\/p>\n<p>&nbsp;<\/p>\n<p><strong>Material<\/strong>: 100% naraven bukov les.<\/p>\n<p><strong>Poreklo<\/strong>: Narejeno v Sloveniji<\/p>\n","protected":false},"excerpt":{"rendered":"<div class=\"woocommerce-product-details__short-description\">\n<p>Kockasti valj\u010dek, katerega namen je razbijanje celulita in ma\u0161\u010dobnih blazinic.<\/p>\n<\/div>\n<form id=\"sticky-scroll\" class=\"cart\" action=\"https:\/\/maderokit.com\/izdelek\/kockasti-valjcek\/\" enctype=\"multipart\/form-data\" method=\"post\">\n<div class=\"quantity buttons_added\"><\/div>\n<\/form>\n","protected":false},"featured_media":8510,"template":"","meta":{"_seopress_robots_primary_cat":"","_seopress_titles_title":"","_seopress_titles_desc":"","_seopress_robots_index":""},"product_cat":[83],"product_tag":[],"class_list":{"0":"post-8509","1":"product","2":"type-product","3":"status-publish","4":"has-post-thumbnail","6":"product_cat-zdravje-in-nega","8":"first","9":"instock","10":"shipping-taxable","11":"purchasable","12":"product-type-simple"},"_links":{"self":[{"href":"https:\/\/mizarstvo-rozmanc.si\/en\/wp-json\/wp\/v2\/product\/8509"}],"collection":[{"href":"https:\/\/mizarstvo-rozmanc.si\/en\/wp-json\/wp\/v2\/product"}],"about":[{"href":"https:\/\/mizarstvo-rozmanc.si\/en\/wp-json\/wp\/v2\/types\/product"}],"wp:featuredmedia":[{"embeddable":true,"href":"https:\/\/mizarstvo-rozmanc.si\/en\/wp-json\/wp\/v2\/media\/8510"}],"wp:attachment":[{"href":"https:\/\/mizarstvo-rozmanc.si\/en\/wp-json\/wp\/v2\/media?parent=8509"}],"wp:term":[{"taxonomy":"product_cat","embeddable":true,"href":"https:\/\/mizarstvo-rozmanc.si\/en\/wp-json\/wp\/v2\/product_cat?post=8509"},{"taxonomy":"product_tag","embeddable":true,"href":"https:\/\/mizarstvo-rozmanc.si\/en\/wp-json\/wp\/v2\/product_tag?post=8509"}],"curies":[{"name":"wp","href":"https:\/\/api.w.org\/{rel}","templated":true}]}}